{"id":13977,"date":"2023-01-16T14:34:05","date_gmt":"2023-01-16T14:34:05","guid":{"rendered":"https:\/\/muchomobile.ch\/faq\/?page_id=13977"},"modified":"2023-02-13T08:53:33","modified_gmt":"2023-02-13T08:53:33","slug":"acheter-sim-magasin","status":"publish","type":"page","link":"https:\/\/muchomobile.ch\/faq\/acheter-sim-magasin\/","title":{"rendered":"Trouver un magasin"},"content":{"rendered":"<p>[et_pb_section fb_built=\u00a0\u00bb1&Prime; _builder_version=\u00a0\u00bb4.10.8&Prime; _module_preset=\u00a0\u00bbdefault\u00a0\u00bb background_image=\u00a0\u00bbhttps:\/\/muchomobile.ch\/faq\/wp-content\/uploads\/2021\/11\/top-up-6038d3b12b88a7.89944086.jpeg\u00a0\u00bb max_height_tablet=\u00a0\u00bb\u00a0\u00bb max_height_phone=\u00a0\u00bb435px\u00a0\u00bb max_height_last_edited=\u00a0\u00bbon|phone\u00a0\u00bb custom_padding=\u00a0\u00bb||232px|||\u00a0\u00bb bottom_divider_style=\u00a0\u00bbcurve\u00a0\u00bb bottom_divider_color=\u00a0\u00bb#ceeff9&Prime; global_colors_info=\u00a0\u00bb{}\u00a0\u00bb][et_pb_row _builder_version=\u00a0\u00bb4.10.8&Prime; _module_preset=\u00a0\u00bbdefault\u00a0\u00bb global_colors_info=\u00a0\u00bb{}\u00a0\u00bb][et_pb_column type=\u00a0\u00bb4_4&Prime; _builder_version=\u00a0\u00bb4.10.8&Prime; _module_preset=\u00a0\u00bbdefault\u00a0\u00bb global_colors_info=\u00a0\u00bb{}\u00a0\u00bb][et_pb_text _builder_version=\u00a0\u00bb4.10.8&Prime; _module_preset=\u00a0\u00bbdefault\u00a0\u00bb header_font=\u00a0\u00bb|700|||||||\u00a0\u00bb header_text_align=\u00a0\u00bbleft\u00a0\u00bb header_text_color=\u00a0\u00bb#dd3333&Prime; header_font_size=\u00a0\u00bb100px\u00a0\u00bb custom_margin=\u00a0\u00bb100px||100px||false|false\u00a0\u00bb animation_style=\u00a0\u00bbslide\u00a0\u00bb animation_direction=\u00a0\u00bbright\u00a0\u00bb animation_duration=\u00a0\u00bb800ms\u00a0\u00bb animation_intensity_slide=\u00a0\u00bb15%\u00a0\u00bb header_text_align_tablet=\u00a0\u00bb\u00a0\u00bb header_text_align_phone=\u00a0\u00bbcenter\u00a0\u00bb header_text_align_last_edited=\u00a0\u00bbon|phone\u00a0\u00bb header_font_size_tablet=\u00a0\u00bb\u00a0\u00bb header_font_size_phone=\u00a0\u00bb62px\u00a0\u00bb header_font_size_last_edited=\u00a0\u00bbon|phone\u00a0\u00bb global_colors_info=\u00a0\u00bb{}\u00a0\u00bb]<\/p>\n<h1>Trouver un magasin<\/h1>\n<p>[\/et_pb_text][\/et_pb_column][\/et_pb_row][\/et_pb_section][et_pb_section fb_built=\u00a0\u00bb1&Prime; _builder_version=\u00a0\u00bb4.10.8&Prime; _module_preset=\u00a0\u00bbdefault\u00a0\u00bb background_color=\u00a0\u00bb#ceeff9&Prime; global_colors_info=\u00a0\u00bb{}\u00a0\u00bb][et_pb_row _builder_version=\u00a0\u00bb4.10.8&Prime; _module_preset=\u00a0\u00bbdefault\u00a0\u00bb global_colors_info=\u00a0\u00bb{}\u00a0\u00bb][et_pb_column type=\u00a0\u00bb4_4&Prime; _builder_version=\u00a0\u00bb4.10.8&Prime; _module_preset=\u00a0\u00bbdefault\u00a0\u00bb global_colors_info=\u00a0\u00bb{}\u00a0\u00bb][et_pb_text _builder_version=\u00a0\u00bb4.10.8&Prime; _module_preset=\u00a0\u00bbdefault\u00a0\u00bb header_2_font_size=\u00a0\u00bb35px\u00a0\u00bb custom_padding=\u00a0\u00bb30px||||false|false\u00a0\u00bb global_colors_info=\u00a0\u00bb{}\u00a0\u00bb]<\/p>\n<h2>\u00a0O\u00f9 acheter une carte SIM MUCHO en Suisse ?<\/h2>\n<p>[\/et_pb_text][et_pb_text _builder_version=\u00a0\u00bb4.10.8&Prime; _module_preset=\u00a0\u00bbdefault\u00a0\u00bb text_font_size=\u00a0\u00bb17px\u00a0\u00bb global_colors_info=\u00a0\u00bb{}\u00a0\u00bb]<\/p>\n<p>Nos cartes SIM pr\u00e9pay\u00e9es DUOSWISS et DUOMINI sont disponibles dans toute la Suisse chez k kiosk.<\/p>\n<p>[\/et_pb_text][\/et_pb_column][\/et_pb_row][et_pb_row _builder_version=\u00a0\u00bb4.10.8&Prime; _module_preset=\u00a0\u00bbdefault\u00a0\u00bb global_colors_info=\u00a0\u00bb{}\u00a0\u00bb][et_pb_column type=\u00a0\u00bb4_4&Prime; _builder_version=\u00a0\u00bb4.10.8&Prime; _module_preset=\u00a0\u00bbdefault\u00a0\u00bb global_colors_info=\u00a0\u00bb{}\u00a0\u00bb][et_pb_text _builder_version=\u00a0\u00bb4.10.8&Prime; _module_preset=\u00a0\u00bbdefault\u00a0\u00bb global_colors_info=\u00a0\u00bb{}\u00a0\u00bb]<\/p>\n<h3>Entrez votre adresse ou votre code postal pour trouver le point de vente le plus proche.<\/h3>\n<p>[\/et_pb_text][et_pb_code module_class=\u00a0\u00bb#wpsl-search-wrap\u00a0\u00bb _builder_version=\u00a0\u00bb4.10.8&Prime; _module_preset=\u00a0\u00bbdefault\u00a0\u00bb background_color=\u00a0\u00bbRGBA(0,0,0,0)\u00a0\u00bb text_orientation=\u00a0\u00bbleft\u00a0\u00bb global_colors_info=\u00a0\u00bb{}\u00a0\u00bb]<style>\r\n\t#wpsl-stores .wpsl-store-thumb {height:45px !important; width:45px !important;}\r\n\t#wpsl-stores, #wpsl-direction-details, #wpsl-gmap {height:350px !important;}\r\n\t#wpsl-gmap .wpsl-info-window {max-width:225px !important;}\r\n\t.wpsl-input label, #wpsl-radius label, #wpsl-category label {width:95px;}\r\n\t#wpsl-search-input  {width:179px;}\r\n<\/style>\r\n<div id=\"wpsl-wrap\">\r\n\t<div class=\"wpsl-search wpsl-clearfix \">\r\n\t\t<div id=\"wpsl-search-wrap\">\r\n\t\t\t<form autocomplete=\"off\">\r\n\t\t\t<div class=\"wpsl-input\">\r\n\t\t\t\t<div><label for=\"wpsl-search-input\">Your location<\/label><\/div>\r\n\t\t\t\t<input id=\"wpsl-search-input\" type=\"text\" value=\"\" name=\"wpsl-search-input\" placeholder=\"\" aria-required=\"true\" \/>\r\n\t\t\t<\/div>\r\n\t\t\t<div class=\"wpsl-select-wrap\">\r\n\t\t\t\t<div id=\"wpsl-radius\">\r\n\t\t\t\t\t<label for=\"wpsl-radius-dropdown\">Search radius<\/label>\r\n\t\t\t\t\t<select id=\"wpsl-radius-dropdown\" class=\"wpsl-dropdown\" name=\"wpsl-radius\">\r\n\t\t\t\t\t\t<option value=\"10\">10 km<\/option><option value=\"25\">25 km<\/option><option selected=\"selected\" value=\"50\">50 km<\/option><option value=\"100\">100 km<\/option><option value=\"200\">200 km<\/option><option value=\"500\">500 km<\/option>\r\n\t\t\t\t\t<\/select>\r\n\t\t\t\t<\/div>\r\n\t\t\t\t<div id=\"wpsl-results\">\r\n\t\t\t\t\t<label for=\"wpsl-results-dropdown\">Results<\/label>\r\n\t\t\t\t\t<select id=\"wpsl-results-dropdown\" class=\"wpsl-dropdown\" name=\"wpsl-results\">\r\n\t\t\t\t\t\t<option selected=\"selected\" value=\"25\">25<\/option><option value=\"50\">50<\/option><option value=\"75\">75<\/option><option value=\"100\">100<\/option>\r\n\t\t\t\t\t<\/select>\r\n\t\t\t\t<\/div>\r\n\t\t\t<\/div>\r\n\t\t\t\t<div class=\"wpsl-search-btn-wrap\"><input id=\"wpsl-search-btn\" type=\"submit\" value=\"Search\"><\/div>\r\n\t\t<\/form>\r\n\t\t<\/div>\r\n\t<\/div>\r\n\t<div id=\"wpsl-gmap\" class=\"wpsl-gmap-canvas\"><\/div>\r\n\t<div id=\"wpsl-result-list\">\r\n\t\t<div id=\"wpsl-stores\" >\r\n\t\t\t<ul><\/ul>\r\n\t\t<\/div>\r\n\t\t<div id=\"wpsl-direction-details\">\r\n\t\t\t<ul><\/ul>\r\n\t\t<\/div>\r\n\t<\/div>\r\n<\/div>\r\n[\/et_pb_code][\/et_pb_column][\/et_pb_row][et_pb_row _builder_version=\u00a0\u00bb4.10.8&Prime; _module_preset=\u00a0\u00bbdefault\u00a0\u00bb global_colors_info=\u00a0\u00bb{}\u00a0\u00bb][et_pb_column type=\u00a0\u00bb4_4&Prime; _builder_version=\u00a0\u00bb4.10.8&Prime; _module_preset=\u00a0\u00bbdefault\u00a0\u00bb global_colors_info=\u00a0\u00bb{}\u00a0\u00bb][et_pb_text _builder_version=\u00a0\u00bb4.10.8&Prime; _module_preset=\u00a0\u00bbdefault\u00a0\u00bb header_2_font_size=\u00a0\u00bb35px\u00a0\u00bb global_colors_info=\u00a0\u00bb{}\u00a0\u00bb]<\/p>\n<h2 style=\"text-align: center;\">En savoir plus \u00e0 propos de MUCHO<\/h2>\n<p>[\/et_pb_text][\/et_pb_column][\/et_pb_row][et_pb_row column_structure=\u00a0\u00bb1_2,1_2&Prime; _builder_version=\u00a0\u00bb4.10.8&Prime; _module_preset=\u00a0\u00bbdefault\u00a0\u00bb custom_margin=\u00a0\u00bb||40px||false|false\u00a0\u00bb global_colors_info=\u00a0\u00bb{}\u00a0\u00bb][et_pb_column type=\u00a0\u00bb1_2&Prime; _builder_version=\u00a0\u00bb4.10.8&Prime; _module_preset=\u00a0\u00bbdefault\u00a0\u00bb global_colors_info=\u00a0\u00bb{}\u00a0\u00bb][et_pb_image src=\u00a0\u00bbhttps:\/\/muchomobile.ch\/faq\/wp-content\/uploads\/2023\/01\/mucho_icons_coverage-min.png\u00a0\u00bb alt=\u00a0\u00bbrecommander mucho \u00e0 un ami\u00a0\u00bb title_text=\u00a0\u00bbmucho_icons_coverage-min\u00a0\u00bb align=\u00a0\u00bbcenter\u00a0\u00bb _builder_version=\u00a0\u00bb4.10.8&Prime; _module_preset=\u00a0\u00bbdefault\u00a0\u00bb global_colors_info=\u00a0\u00bb{}\u00a0\u00bb][\/et_pb_image][et_pb_text _builder_version=\u00a0\u00bb4.10.8&Prime; _module_preset=\u00a0\u00bbdefault\u00a0\u00bb text_font_size=\u00a0\u00bb18px\u00a0\u00bb text_orientation=\u00a0\u00bbcenter\u00a0\u00bb custom_padding=\u00a0\u00bb20px|20px|20px|20px|true|true\u00a0\u00bb global_colors_info=\u00a0\u00bb{}\u00a0\u00bb]Vous pr\u00e9f\u00e9rez obtenir un abonnement mobile ? D\u00e9couvrez nos offres en ligne. Nos cartes SIM sont directement livr\u00e9es \u00e0 votre domicile en Suisse ![\/et_pb_text][et_pb_button button_url=\u00a0\u00bbhttps:\/\/muchomobile.ch\/abo\u00a0\u00bb button_text=\u00a0\u00bbD\u00e9couvrir les abonnements mobiles\u00a0\u00bb button_alignment=\u00a0\u00bbcenter\u00a0\u00bb _builder_version=\u00a0\u00bb4.10.8&Prime; _module_preset=\u00a0\u00bbdefault\u00a0\u00bb custom_button=\u00a0\u00bbon\u00a0\u00bb button_border_width=\u00a0\u00bb0px\u00a0\u00bb button_border_radius=\u00a0\u00bb20px\u00a0\u00bb custom_margin_tablet=\u00a0\u00bb\u00a0\u00bb custom_margin_phone=\u00a0\u00bb||40px||false|false\u00a0\u00bb custom_margin_last_edited=\u00a0\u00bbon|phone\u00a0\u00bb custom_padding_tablet=\u00a0\u00bb\u00a0\u00bb custom_padding_phone=\u00a0\u00bb||||false|false\u00a0\u00bb custom_padding_last_edited=\u00a0\u00bbon|phone\u00a0\u00bb global_colors_info=\u00a0\u00bb{}\u00a0\u00bb][\/et_pb_button][\/et_pb_column][et_pb_column type=\u00a0\u00bb1_2&Prime; _builder_version=\u00a0\u00bb4.10.8&Prime; _module_preset=\u00a0\u00bbdefault\u00a0\u00bb global_colors_info=\u00a0\u00bb{}\u00a0\u00bb][et_pb_image src=\u00a0\u00bbhttps:\/\/muchomobile.ch\/faq\/wp-content\/uploads\/2023\/02\/mucho_icons_customerservice-min.png\u00a0\u00bb alt=\u00a0\u00bbrecommander mucho \u00e0 un ami\u00a0\u00bb title_text=\u00a0\u00bbmucho_icons_customerservice-min\u00a0\u00bb align=\u00a0\u00bbcenter\u00a0\u00bb _builder_version=\u00a0\u00bb4.10.8&Prime; _module_preset=\u00a0\u00bbdefault\u00a0\u00bb global_colors_info=\u00a0\u00bb{}\u00a0\u00bb][\/et_pb_image][et_pb_text _builder_version=\u00a0\u00bb4.10.8&Prime; _module_preset=\u00a0\u00bbdefault\u00a0\u00bb text_font_size=\u00a0\u00bb18px\u00a0\u00bb text_orientation=\u00a0\u00bbcenter\u00a0\u00bb custom_padding=\u00a0\u00bb20px|20px|20px|20px|true|true\u00a0\u00bb global_colors_info=\u00a0\u00bb{}\u00a0\u00bb]<\/p>\n<p>Encore des questions ? Appelez l&rsquo;un de nos agents et f<span>aites-vous conseiller directement par t\u00e9l\u00e9phone (9h-19h du LU-SA \u2013 appel gratuit).<\/span><\/p>\n<p>[\/et_pb_text][et_pb_button button_url=\u00a0\u00bbtel:0800077800&Prime; button_text=\u00a0\u00bb0800 077 800&Prime; button_alignment=\u00a0\u00bbcenter\u00a0\u00bb _builder_version=\u00a0\u00bb4.10.8&Prime; _module_preset=\u00a0\u00bbdefault\u00a0\u00bb custom_button=\u00a0\u00bbon\u00a0\u00bb button_border_width=\u00a0\u00bb0px\u00a0\u00bb button_border_radius=\u00a0\u00bb20px\u00a0\u00bb global_colors_info=\u00a0\u00bb{}\u00a0\u00bb][\/et_pb_button][\/et_pb_column][\/et_pb_row][\/et_pb_section][et_pb_section fb_built=\u00a0\u00bb1&Prime; _builder_version=\u00a0\u00bb4.10.8&Prime; _module_preset=\u00a0\u00bbdefault\u00a0\u00bb background_color=\u00a0\u00bb#e02b20&Prime; global_colors_info=\u00a0\u00bb{}\u00a0\u00bb][et_pb_row column_structure=\u00a0\u00bb2_5,3_5&Prime; make_equal=\u00a0\u00bbon\u00a0\u00bb _builder_version=\u00a0\u00bb4.10.8&Prime; _module_preset=\u00a0\u00bbdefault\u00a0\u00bb global_colors_info=\u00a0\u00bb{}\u00a0\u00bb][et_pb_column type=\u00a0\u00bb2_5&Prime; _builder_version=\u00a0\u00bb4.10.8&Prime; _module_preset=\u00a0\u00bbdefault\u00a0\u00bb global_colors_info=\u00a0\u00bb{}\u00a0\u00bb][et_pb_image src=\u00a0\u00bbhttps:\/\/muchomobile.ch\/faq\/wp-content\/uploads\/2023\/01\/mucho_icons_satisfaction-min.png\u00a0\u00bb title_text=\u00a0\u00bbmucho_icons_satisfaction-min\u00a0\u00bb align=\u00a0\u00bbright\u00a0\u00bb align_tablet=\u00a0\u00bbcenter\u00a0\u00bb align_phone=\u00a0\u00bb\u00a0\u00bb align_last_edited=\u00a0\u00bbon|tablet\u00a0\u00bb _builder_version=\u00a0\u00bb4.10.8&Prime; _module_preset=\u00a0\u00bbdefault\u00a0\u00bb custom_padding=\u00a0\u00bb|30px|||false|false\u00a0\u00bb custom_padding_tablet=\u00a0\u00bb\u00a0\u00bb custom_padding_phone=\u00a0\u00bb0px|30px|15px||false|false\u00a0\u00bb custom_padding_last_edited=\u00a0\u00bbon|phone\u00a0\u00bb global_colors_info=\u00a0\u00bb{}\u00a0\u00bb][\/et_pb_image][\/et_pb_column][et_pb_column type=\u00a0\u00bb3_5&Prime; _builder_version=\u00a0\u00bb4.10.8&Prime; _module_preset=\u00a0\u00bbdefault\u00a0\u00bb custom_css_main_element=\u00a0\u00bbalign-self: center;\u00a0\u00bb global_colors_info=\u00a0\u00bb{}\u00a0\u00bb][et_pb_text _builder_version=\u00a0\u00bb4.10.8&Prime; _module_preset=\u00a0\u00bbdefault\u00a0\u00bb text_text_color=\u00a0\u00bb#FFFFFF\u00a0\u00bb link_font=\u00a0\u00bb|300|||||||\u00a0\u00bb link_text_color=\u00a0\u00bb#FFFFFF\u00a0\u00bb text_orientation_tablet=\u00a0\u00bbcenter\u00a0\u00bb text_orientation_phone=\u00a0\u00bbcenter\u00a0\u00bb text_orientation_last_edited=\u00a0\u00bbon|phone\u00a0\u00bb global_colors_info=\u00a0\u00bb{}\u00a0\u00bb]<strong>4.4 \/ 5<\/strong><br \/>\nLa note moyenne donn\u00e9e par nos clients MUCHO<\/p>\n<p><small>(Source : <a href=\"https:\/\/www.google.com\/search?q=mucho+mobile&amp;rlz=1C1GCEU_frCH954CH954&amp;oq=mucho+mobile&amp;aqs=chrome.0.69i59l2j69i60l3j69i65l3.2888j1j4&amp;sourceid=chrome&amp;ie=UTF-8\">Google review<\/a>)<\/small>[\/et_pb_text][\/et_pb_column][\/et_pb_row][\/et_pb_section]<\/p>\n","protected":false},"excerpt":{"rendered":"<p>Trouver un magasin\u00a0O\u00f9 acheter une carte SIM MUCHO en Suisse ?Nos cartes SIM pr\u00e9pay\u00e9es DUOSWISS et DUOMINI sont disponibles dans toute la Suisse chez k kiosk.Entrez votre adresse ou votre code postal pour trouver le point de vente le plus proche.<style>\r\n\t#wpsl-stores .wpsl-store-thumb {height:45px !important; width:45px !important;}\r\n\t#wpsl-stores, #wpsl-direction-details, #wpsl-gmap {height:350px !important;}\r\n\t#wpsl-gmap .wpsl-info-window {max-width:225px !important;}\r\n\t.wpsl-input label, #wpsl-radius label, #wpsl-category label {width:95px;}\r\n\t#wpsl-search-input  {width:179px;}\r\n<\/style>\r\n<div id=\"wpsl-wrap\">\r\n\t<div class=\"wpsl-search wpsl-clearfix \">\r\n\t\t<div id=\"wpsl-search-wrap\">\r\n\t\t\t<form autocomplete=\"off\">\r\n\t\t\t<div class=\"wpsl-input\">\r\n\t\t\t\t<div><label for=\"wpsl-search-input\">Your location<\/label><\/div>\r\n\t\t\t\t<input id=\"wpsl-search-input\" type=\"text\" value=\"\" name=\"wpsl-search-input\" placeholder=\"\" aria-required=\"true\" \/>\r\n\t\t\t<\/div>\r\n\t\t\t<div class=\"wpsl-select-wrap\">\r\n\t\t\t\t<div id=\"wpsl-radius\">\r\n\t\t\t\t\t<label for=\"wpsl-radius-dropdown\">Search radius<\/label>\r\n\t\t\t\t\t<select id=\"wpsl-radius-dropdown\" class=\"wpsl-dropdown\" name=\"wpsl-radius\">\r\n\t\t\t\t\t\t<option value=\"10\">10 km<\/option><option value=\"25\">25 km<\/option><option selected=\"selected\" value=\"50\">50 km<\/option><option value=\"100\">100 km<\/option><option value=\"200\">200 km<\/option><option value=\"500\">500 km<\/option>\r\n\t\t\t\t\t<\/select>\r\n\t\t\t\t<\/div>\r\n\t\t\t\t<div id=\"wpsl-results\">\r\n\t\t\t\t\t<label for=\"wpsl-results-dropdown\">Results<\/label>\r\n\t\t\t\t\t<select id=\"wpsl-results-dropdown\" class=\"wpsl-dropdown\" name=\"wpsl-results\">\r\n\t\t\t\t\t\t<option selected=\"selected\" value=\"25\">25<\/option><option value=\"50\">50<\/option><option value=\"75\">75<\/option><option value=\"100\">100<\/option>\r\n\t\t\t\t\t<\/select>\r\n\t\t\t\t<\/div>\r\n\t\t\t<\/div>\r\n\t\t\t\t<div class=\"wpsl-search-btn-wrap\"><input id=\"wpsl-search-btn\" type=\"submit\" value=\"Search\"><\/div>\r\n\t\t<\/form>\r\n\t\t<\/div>\r\n\t<\/div>\r\n\t<div id=\"wpsl-gmap\" class=\"wpsl-gmap-canvas\"><\/div>\r\n\t<div id=\"wpsl-result-list\">\r\n\t\t<div id=\"wpsl-stores\" >\r\n\t\t\t<ul><\/ul>\r\n\t\t<\/div>\r\n\t\t<div id=\"wpsl-direction-details\">\r\n\t\t\t<ul><\/ul>\r\n\t\t<\/div>\r\n\t<\/div>\r\n<\/div>\r\nEn savoir plus \u00e0 propos de MUCHOVous pr\u00e9f\u00e9rez obtenir un abonnement mobile ? D\u00e9couvrez nos [&hellip;]<\/p>\n","protected":false},"author":9,"featured_media":0,"parent":0,"menu_order":0,"comment_status":"closed","ping_status":"closed","template":"","meta":{"_et_pb_use_builder":"on","_et_pb_old_content":"","_et_gb_content_width":"","footnotes":""},"class_list":["post-13977","page","type-page","status-publish","hentry"],"yoast_head":"<!-- This site is optimized with the Yoast SEO plugin v23.6 - https:\/\/yoast.com\/wordpress\/plugins\/seo\/ -->\n<title>Trouver un magasin - SIM pr\u00e9pay\u00e9e | MUCHO Mobile<\/title>\n<meta name=\"description\" content=\"Nos cartes SIM pr\u00e9pay\u00e9es DUOSWISS et DUOMINI sont d\u00e9sormais disponibles dans toute la Suisse chez kKiosk. Trouvez magasin le plus proche.\" \/>\n<meta name=\"robots\" content=\"index, follow, max-snippet:-1, max-image-preview:large, max-video-preview:-1\" \/>\n<link rel=\"canonical\" href=\"https:\/\/muchomobile.ch\/faq\/acheter-sim-magasin\/\" \/>\n<meta property=\"og:locale\" content=\"fr_FR\" \/>\n<meta property=\"og:type\" content=\"article\" \/>\n<meta property=\"og:title\" content=\"Trouver un magasin - SIM pr\u00e9pay\u00e9e | MUCHO Mobile\" \/>\n<meta property=\"og:description\" content=\"Nos cartes SIM pr\u00e9pay\u00e9es DUOSWISS et DUOMINI sont d\u00e9sormais disponibles dans toute la Suisse chez kKiosk. Trouvez magasin le plus proche.\" \/>\n<meta property=\"og:url\" content=\"https:\/\/muchomobile.ch\/faq\/acheter-sim-magasin\/\" \/>\n<meta property=\"og:site_name\" content=\"FAQ | Mucho Mobile\" \/>\n<meta property=\"article:modified_time\" content=\"2023-02-13T08:53:33+00:00\" \/>\n<meta name=\"twitter:card\" content=\"summary_large_image\" \/>\n<meta name=\"twitter:label1\" content=\"Dur\u00e9e de lecture estim\u00e9e\" \/>\n\t<meta name=\"twitter:data1\" content=\"2 minutes\" \/>\n<script type=\"application\/ld+json\" class=\"yoast-schema-graph\">{\"@context\":\"https:\/\/schema.org\",\"@graph\":[{\"@type\":\"WebPage\",\"@id\":\"https:\/\/muchomobile.ch\/faq\/acheter-sim-magasin\/\",\"url\":\"https:\/\/muchomobile.ch\/faq\/acheter-sim-magasin\/\",\"name\":\"Trouver un magasin - SIM pr\u00e9pay\u00e9e | MUCHO Mobile\",\"isPartOf\":{\"@id\":\"https:\/\/muchomobile.ch\/faq\/#website\"},\"datePublished\":\"2023-01-16T14:34:05+00:00\",\"dateModified\":\"2023-02-13T08:53:33+00:00\",\"description\":\"Nos cartes SIM pr\u00e9pay\u00e9es DUOSWISS et DUOMINI sont d\u00e9sormais disponibles dans toute la Suisse chez kKiosk. Trouvez magasin le plus proche.\",\"breadcrumb\":{\"@id\":\"https:\/\/muchomobile.ch\/faq\/acheter-sim-magasin\/#breadcrumb\"},\"inLanguage\":\"fr-FR\",\"potentialAction\":[{\"@type\":\"ReadAction\",\"target\":[\"https:\/\/muchomobile.ch\/faq\/acheter-sim-magasin\/\"]}]},{\"@type\":\"BreadcrumbList\",\"@id\":\"https:\/\/muchomobile.ch\/faq\/acheter-sim-magasin\/#breadcrumb\",\"itemListElement\":[{\"@type\":\"ListItem\",\"position\":1,\"name\":\"Home\",\"item\":\"https:\/\/muchomobile.ch\/faq\/\"},{\"@type\":\"ListItem\",\"position\":2,\"name\":\"Trouver un magasin\"}]},{\"@type\":\"WebSite\",\"@id\":\"https:\/\/muchomobile.ch\/faq\/#website\",\"url\":\"https:\/\/muchomobile.ch\/faq\/\",\"name\":\"FAQ | Mucho Mobile\",\"description\":\"Free on the best mobile network at the best price\",\"publisher\":{\"@id\":\"https:\/\/muchomobile.ch\/faq\/#organization\"},\"potentialAction\":[{\"@type\":\"SearchAction\",\"target\":{\"@type\":\"EntryPoint\",\"urlTemplate\":\"https:\/\/muchomobile.ch\/faq\/?s={search_term_string}\"},\"query-input\":{\"@type\":\"PropertyValueSpecification\",\"valueRequired\":true,\"valueName\":\"search_term_string\"}}],\"inLanguage\":\"fr-FR\"},{\"@type\":\"Organization\",\"@id\":\"https:\/\/muchomobile.ch\/faq\/#organization\",\"name\":\"Mucho Mobile\",\"url\":\"https:\/\/muchomobile.ch\/faq\/\",\"logo\":{\"@type\":\"ImageObject\",\"inLanguage\":\"fr-FR\",\"@id\":\"https:\/\/muchomobile.ch\/faq\/#\/schema\/logo\/image\/\",\"url\":\"https:\/\/muchomobile.ch\/blog\/wp-content\/uploads\/2021\/06\/Logo-MuchoMobile.png\",\"contentUrl\":\"https:\/\/muchomobile.ch\/blog\/wp-content\/uploads\/2021\/06\/Logo-MuchoMobile.png\",\"width\":122,\"height\":41,\"caption\":\"Mucho Mobile\"},\"image\":{\"@id\":\"https:\/\/muchomobile.ch\/faq\/#\/schema\/logo\/image\/\"}}]}<\/script>\n<!-- \/ Yoast SEO plugin. -->","yoast_head_json":{"title":"Trouver un magasin - SIM pr\u00e9pay\u00e9e | MUCHO Mobile","description":"Nos cartes SIM pr\u00e9pay\u00e9es DUOSWISS et DUOMINI sont d\u00e9sormais disponibles dans toute la Suisse chez kKiosk. Trouvez magasin le plus proche.","robots":{"index":"index","follow":"follow","max-snippet":"max-snippet:-1","max-image-preview":"max-image-preview:large","max-video-preview":"max-video-preview:-1"},"canonical":"https:\/\/muchomobile.ch\/faq\/acheter-sim-magasin\/","og_locale":"fr_FR","og_type":"article","og_title":"Trouver un magasin - SIM pr\u00e9pay\u00e9e | MUCHO Mobile","og_description":"Nos cartes SIM pr\u00e9pay\u00e9es DUOSWISS et DUOMINI sont d\u00e9sormais disponibles dans toute la Suisse chez kKiosk. Trouvez magasin le plus proche.","og_url":"https:\/\/muchomobile.ch\/faq\/acheter-sim-magasin\/","og_site_name":"FAQ | Mucho Mobile","article_modified_time":"2023-02-13T08:53:33+00:00","twitter_card":"summary_large_image","twitter_misc":{"Dur\u00e9e de lecture estim\u00e9e":"2 minutes"},"schema":{"@context":"https:\/\/schema.org","@graph":[{"@type":"WebPage","@id":"https:\/\/muchomobile.ch\/faq\/acheter-sim-magasin\/","url":"https:\/\/muchomobile.ch\/faq\/acheter-sim-magasin\/","name":"Trouver un magasin - SIM pr\u00e9pay\u00e9e | MUCHO Mobile","isPartOf":{"@id":"https:\/\/muchomobile.ch\/faq\/#website"},"datePublished":"2023-01-16T14:34:05+00:00","dateModified":"2023-02-13T08:53:33+00:00","description":"Nos cartes SIM pr\u00e9pay\u00e9es DUOSWISS et DUOMINI sont d\u00e9sormais disponibles dans toute la Suisse chez kKiosk. Trouvez magasin le plus proche.","breadcrumb":{"@id":"https:\/\/muchomobile.ch\/faq\/acheter-sim-magasin\/#breadcrumb"},"inLanguage":"fr-FR","potentialAction":[{"@type":"ReadAction","target":["https:\/\/muchomobile.ch\/faq\/acheter-sim-magasin\/"]}]},{"@type":"BreadcrumbList","@id":"https:\/\/muchomobile.ch\/faq\/acheter-sim-magasin\/#breadcrumb","itemListElement":[{"@type":"ListItem","position":1,"name":"Home","item":"https:\/\/muchomobile.ch\/faq\/"},{"@type":"ListItem","position":2,"name":"Trouver un magasin"}]},{"@type":"WebSite","@id":"https:\/\/muchomobile.ch\/faq\/#website","url":"https:\/\/muchomobile.ch\/faq\/","name":"FAQ | Mucho Mobile","description":"Free on the best mobile network at the best price","publisher":{"@id":"https:\/\/muchomobile.ch\/faq\/#organization"},"potentialAction":[{"@type":"SearchAction","target":{"@type":"EntryPoint","urlTemplate":"https:\/\/muchomobile.ch\/faq\/?s={search_term_string}"},"query-input":{"@type":"PropertyValueSpecification","valueRequired":true,"valueName":"search_term_string"}}],"inLanguage":"fr-FR"},{"@type":"Organization","@id":"https:\/\/muchomobile.ch\/faq\/#organization","name":"Mucho Mobile","url":"https:\/\/muchomobile.ch\/faq\/","logo":{"@type":"ImageObject","inLanguage":"fr-FR","@id":"https:\/\/muchomobile.ch\/faq\/#\/schema\/logo\/image\/","url":"https:\/\/muchomobile.ch\/blog\/wp-content\/uploads\/2021\/06\/Logo-MuchoMobile.png","contentUrl":"https:\/\/muchomobile.ch\/blog\/wp-content\/uploads\/2021\/06\/Logo-MuchoMobile.png","width":122,"height":41,"caption":"Mucho Mobile"},"image":{"@id":"https:\/\/muchomobile.ch\/faq\/#\/schema\/logo\/image\/"}}]}},"_links":{"self":[{"href":"https:\/\/muchomobile.ch\/faq\/wp-json\/wp\/v2\/pages\/13977"}],"collection":[{"href":"https:\/\/muchomobile.ch\/faq\/wp-json\/wp\/v2\/pages"}],"about":[{"href":"https:\/\/muchomobile.ch\/faq\/wp-json\/wp\/v2\/types\/page"}],"author":[{"embeddable":true,"href":"https:\/\/muchomobile.ch\/faq\/wp-json\/wp\/v2\/users\/9"}],"replies":[{"embeddable":true,"href":"https:\/\/muchomobile.ch\/faq\/wp-json\/wp\/v2\/comments?post=13977"}],"version-history":[{"count":28,"href":"https:\/\/muchomobile.ch\/faq\/wp-json\/wp\/v2\/pages\/13977\/revisions"}],"predecessor-version":[{"id":15208,"href":"https:\/\/muchomobile.ch\/faq\/wp-json\/wp\/v2\/pages\/13977\/revisions\/15208"}],"wp:attachment":[{"href":"https:\/\/muchomobile.ch\/faq\/wp-json\/wp\/v2\/media?parent=13977"}],"curies":[{"name":"wp","href":"https:\/\/api.w.org\/{rel}","templated":true}]}}