{"id":6971,"date":"2021-10-11T15:03:32","date_gmt":"2021-10-11T15:03:32","guid":{"rendered":"https:\/\/muchomobile.ch\/blog\/homepage2\/"},"modified":"2022-12-20T11:32:04","modified_gmt":"2022-12-20T11:32:04","slug":"blog","status":"publish","type":"page","link":"https:\/\/muchomobile.ch\/blog\/fr\/","title":{"rendered":"Homepage"},"content":{"rendered":"\n[et_pb_section fb_built=\u00a0\u00bb1&Prime; _builder_version=\u00a0\u00bb4.10.8&Prime; _module_preset=\u00a0\u00bbdefault\u00a0\u00bb background_image=\u00a0\u00bbhttps:\/\/muchomobile.ch\/blog\/wp-content\/uploads\/2021\/09\/header-MuchoMobile-blog.jpg\u00a0\u00bb bottom_divider_style=\u00a0\u00bbcurve\u00a0\u00bb bottom_divider_color=\u00a0\u00bb#ceeff9&Prime; hover_enabled=\u00a0\u00bb0&Prime; global_colors_info=\u00a0\u00bb{}\u00a0\u00bb alt=\u00a0\u00bbDiscover our blog articles on mobile telephony\u00a0\u00bb title_text=\u00a0\u00bbheader-MuchoMobile-blog\u00a0\u00bb sticky_enabled=\u00a0\u00bb0&Prime;][et_pb_row _builder_version=\u00a0\u00bb4.10.8&Prime; _module_preset=\u00a0\u00bbdefault\u00a0\u00bb global_colors_info=\u00a0\u00bb{}\u00a0\u00bb][et_pb_column type=\u00a0\u00bb4_4&Prime; _builder_version=\u00a0\u00bb4.10.8&Prime; _module_preset=\u00a0\u00bbdefault\u00a0\u00bb global_colors_info=\u00a0\u00bb{}\u00a0\u00bb][et_pb_text _builder_version=\u00a0\u00bb4.10.8&Prime; _module_preset=\u00a0\u00bbdefault\u00a0\u00bb header_font=\u00a0\u00bb|700|||||||\u00a0\u00bb header_text_align=\u00a0\u00bbleft\u00a0\u00bb header_text_color=\u00a0\u00bb#dd3333&Prime; header_font_size=\u00a0\u00bb100px\u00a0\u00bb custom_margin=\u00a0\u00bb100px||100px||false|false\u00a0\u00bb animation_style=\u00a0\u00bbslide\u00a0\u00bb animation_direction=\u00a0\u00bbright\u00a0\u00bb animation_duration=\u00a0\u00bb800ms\u00a0\u00bb animation_intensity_slide=\u00a0\u00bb15%\u00a0\u00bb header_text_align_tablet=\u00a0\u00bb\u00a0\u00bb header_text_align_phone=\u00a0\u00bbcenter\u00a0\u00bb header_text_align_last_edited=\u00a0\u00bbon|phone\u00a0\u00bb global_colors_info=\u00a0\u00bb{}\u00a0\u00bb]<h1>Blog<\/h1>[\/et_pb_text][\/et_pb_column][\/et_pb_row][\/et_pb_section][et_pb_section fb_built=\u00a0\u00bb1&Prime; _builder_version=\u00a0\u00bb4.10.8&Prime; _module_preset=\u00a0\u00bbdefault\u00a0\u00bb background_color=\u00a0\u00bb#ceeff9&Prime; global_colors_info=\u00a0\u00bb{}\u00a0\u00bb][et_pb_row _builder_version=\u00a0\u00bb4.10.8&Prime; _module_preset=\u00a0\u00bbdefault\u00a0\u00bb global_colors_info=\u00a0\u00bb{}\u00a0\u00bb][et_pb_column type=\u00a0\u00bb4_4&Prime; _builder_version=\u00a0\u00bb4.10.8&Prime; _module_preset=\u00a0\u00bbdefault\u00a0\u00bb global_colors_info=\u00a0\u00bb{}\u00a0\u00bb][et_pb_blog fullwidth=\u00a0\u00bboff\u00a0\u00bb posts_number=\u00a0\u00bb9&Prime; include_categories=\u00a0\u00bball\u00a0\u00bb excerpt_length=\u00a0\u00bb190&Prime; show_author=\u00a0\u00bboff\u00a0\u00bb show_date=\u00a0\u00bboff\u00a0\u00bb show_pagination=\u00a0\u00bboff\u00a0\u00bb _builder_version=\u00a0\u00bb4.10.8&Prime; _module_preset=\u00a0\u00bbdefault\u00a0\u00bb header_font=\u00a0\u00bb|300|||||||\u00a0\u00bb header_text_align=\u00a0\u00bbleft\u00a0\u00bb header_text_color=\u00a0\u00bb#000000&Prime; header_font_size=\u00a0\u00bb40px\u00a0\u00bb header_line_height=\u00a0\u00bb1.1em\u00a0\u00bb body_font=\u00a0\u00bb||||||||\u00a0\u00bb body_text_align=\u00a0\u00bbleft\u00a0\u00bb body_text_color=\u00a0\u00bb#000000&Prime; body_font_size=\u00a0\u00bb16px\u00a0\u00bb body_line_height=\u00a0\u00bb1.8em\u00a0\u00bb meta_font=\u00a0\u00bb|700||on|||||\u00a0\u00bb meta_text_align=\u00a0\u00bbleft\u00a0\u00bb meta_text_color=\u00a0\u00bb#f54748&Prime; custom_margin=\u00a0\u00bb50px||50px||false|false\u00a0\u00bb custom_margin_tablet=\u00a0\u00bb0px||0px||false|false\u00a0\u00bb custom_margin_phone=\u00a0\u00bb0px||0px||false|false\u00a0\u00bb custom_margin_last_edited=\u00a0\u00bbon|desktop\u00a0\u00bb custom_padding_tablet=\u00a0\u00bb||||false|false\u00a0\u00bb custom_padding_phone=\u00a0\u00bb\u00a0\u00bb custom_padding_last_edited=\u00a0\u00bbon|tablet\u00a0\u00bb animation_style=\u00a0\u00bbslide\u00a0\u00bb animation_direction=\u00a0\u00bbbottom\u00a0\u00bb animation_duration=\u00a0\u00bb500ms\u00a0\u00bb animation_delay=\u00a0\u00bb300ms\u00a0\u00bb animation_intensity_slide=\u00a0\u00bb15%\u00a0\u00bb border_radii=\u00a0\u00bbon|10px|10px|10px|10px\u00a0\u00bb border_width_all=\u00a0\u00bb0px\u00a0\u00bb box_shadow_style=\u00a0\u00bbpreset2&Prime; box_shadow_horizontal=\u00a0\u00bb10px\u00a0\u00bb box_shadow_vertical=\u00a0\u00bb1px\u00a0\u00bb box_shadow_blur=\u00a0\u00bb30px\u00a0\u00bb global_colors_info=\u00a0\u00bb{}\u00a0\u00bb][\/et_pb_blog][\/et_pb_column][\/et_pb_row][\/et_pb_section]\n","protected":false},"excerpt":{"rendered":"<p>Blog<\/p>\n","protected":false},"author":1,"featured_media":0,"parent":0,"menu_order":0,"comment_status":"closed","ping_status":"closed","template":"","meta":{"_et_pb_use_builder":"on","_et_pb_old_content":"","_et_gb_content_width":"","footnotes":""},"class_list":["post-6971","page","type-page","status-publish","hentry"],"yoast_head":"<!-- This site is optimized with the Yoast SEO plugin v26.0 - https:\/\/yoast.com\/wordpress\/plugins\/seo\/ -->\n<title>Tout ce que vous devez savoir | Blog | MUCHO Mobile<\/title>\n<meta name=\"description\" content=\"D\u00e9couvrez les avanc\u00e9es t\u00e9l\u00e9coms en Suisse et apprenez \u00e0 en conna\u00eetre davantage sur les op\u00e9rateurs mobiles.\" \/>\n<meta name=\"robots\" content=\"index, follow, max-snippet:-1, max-image-preview:large, max-video-preview:-1\" \/>\n<link rel=\"canonical\" href=\"https:\/\/muchomobile.ch\/blog\/fr\/\" \/>\n<meta property=\"og:locale\" content=\"fr_FR\" \/>\n<meta property=\"og:type\" content=\"article\" \/>\n<meta property=\"og:title\" content=\"Tout ce que vous devez savoir | Blog | MUCHO Mobile\" \/>\n<meta property=\"og:description\" content=\"D\u00e9couvrez les avanc\u00e9es t\u00e9l\u00e9coms en Suisse et apprenez \u00e0 en conna\u00eetre davantage sur les op\u00e9rateurs mobiles.\" \/>\n<meta property=\"og:url\" content=\"https:\/\/muchomobile.ch\/blog\/fr\/\" \/>\n<meta property=\"og:site_name\" content=\"Blog | Mucho Mobile\" \/>\n<meta property=\"article:modified_time\" content=\"2022-12-20T11:32:04+00:00\" \/>\n<meta name=\"twitter:card\" content=\"summary_large_image\" \/>\n<meta name=\"twitter:label1\" content=\"Dur\u00e9e de lecture estim\u00e9e\" \/>\n\t<meta name=\"twitter:data1\" content=\"1 minute\" \/>\n<script type=\"application\/ld+json\" class=\"yoast-schema-graph\">{\"@context\":\"https:\/\/schema.org\",\"@graph\":[{\"@type\":\"WebPage\",\"@id\":\"https:\/\/muchomobile.ch\/blog\/fr\/\",\"url\":\"https:\/\/muchomobile.ch\/blog\/fr\/\",\"name\":\"Tout ce que vous devez savoir | Blog | MUCHO Mobile\",\"isPartOf\":{\"@id\":\"https:\/\/muchomobile.ch\/blog\/fr\/#website\"},\"datePublished\":\"2021-10-11T15:03:32+00:00\",\"dateModified\":\"2022-12-20T11:32:04+00:00\",\"description\":\"D\u00e9couvrez les avanc\u00e9es t\u00e9l\u00e9coms en Suisse et apprenez \u00e0 en conna\u00eetre davantage sur les op\u00e9rateurs mobiles.\",\"breadcrumb\":{\"@id\":\"https:\/\/muchomobile.ch\/blog\/fr\/#breadcrumb\"},\"inLanguage\":\"fr-FR\",\"potentialAction\":[{\"@type\":\"ReadAction\",\"target\":[\"https:\/\/muchomobile.ch\/blog\/fr\/\"]}]},{\"@type\":\"BreadcrumbList\",\"@id\":\"https:\/\/muchomobile.ch\/blog\/fr\/#breadcrumb\",\"itemListElement\":[{\"@type\":\"ListItem\",\"position\":1,\"name\":\"Home\",\"item\":\"https:\/\/muchomobile.ch\/blog\/fr\/\"},{\"@type\":\"ListItem\",\"position\":2,\"name\":\"Homepage\"}]},{\"@type\":\"WebSite\",\"@id\":\"https:\/\/muchomobile.ch\/blog\/fr\/#website\",\"url\":\"https:\/\/muchomobile.ch\/blog\/fr\/\",\"name\":\"Blog | Mucho Mobile\",\"description\":\"Free on the best mobile network at the best price\",\"publisher\":{\"@id\":\"https:\/\/muchomobile.ch\/blog\/fr\/#organization\"},\"potentialAction\":[{\"@type\":\"SearchAction\",\"target\":{\"@type\":\"EntryPoint\",\"urlTemplate\":\"https:\/\/muchomobile.ch\/blog\/fr\/?s={search_term_string}\"},\"query-input\":{\"@type\":\"PropertyValueSpecification\",\"valueRequired\":true,\"valueName\":\"search_term_string\"}}],\"inLanguage\":\"fr-FR\"},{\"@type\":\"Organization\",\"@id\":\"https:\/\/muchomobile.ch\/blog\/fr\/#organization\",\"name\":\"Mucho Mobile\",\"url\":\"https:\/\/muchomobile.ch\/blog\/fr\/\",\"logo\":{\"@type\":\"ImageObject\",\"inLanguage\":\"fr-FR\",\"@id\":\"https:\/\/muchomobile.ch\/blog\/fr\/#\/schema\/logo\/image\/\",\"url\":\"https:\/\/muchomobile.ch\/blog\/wp-content\/uploads\/2021\/06\/Logo-MuchoMobile.png\",\"contentUrl\":\"https:\/\/muchomobile.ch\/blog\/wp-content\/uploads\/2021\/06\/Logo-MuchoMobile.png\",\"width\":122,\"height\":41,\"caption\":\"Mucho Mobile\"},\"image\":{\"@id\":\"https:\/\/muchomobile.ch\/blog\/fr\/#\/schema\/logo\/image\/\"}}]}<\/script>\n<!-- \/ Yoast SEO plugin. -->","yoast_head_json":{"title":"Tout ce que vous devez savoir | Blog | MUCHO Mobile","description":"D\u00e9couvrez les avanc\u00e9es t\u00e9l\u00e9coms en Suisse et apprenez \u00e0 en conna\u00eetre davantage sur les op\u00e9rateurs mobiles.","robots":{"index":"index","follow":"follow","max-snippet":"max-snippet:-1","max-image-preview":"max-image-preview:large","max-video-preview":"max-video-preview:-1"},"canonical":"https:\/\/muchomobile.ch\/blog\/fr\/","og_locale":"fr_FR","og_type":"article","og_title":"Tout ce que vous devez savoir | Blog | MUCHO Mobile","og_description":"D\u00e9couvrez les avanc\u00e9es t\u00e9l\u00e9coms en Suisse et apprenez \u00e0 en conna\u00eetre davantage sur les op\u00e9rateurs mobiles.","og_url":"https:\/\/muchomobile.ch\/blog\/fr\/","og_site_name":"Blog | Mucho Mobile","article_modified_time":"2022-12-20T11:32:04+00:00","twitter_card":"summary_large_image","twitter_misc":{"Dur\u00e9e de lecture estim\u00e9e":"1 minute"},"schema":{"@context":"https:\/\/schema.org","@graph":[{"@type":"WebPage","@id":"https:\/\/muchomobile.ch\/blog\/fr\/","url":"https:\/\/muchomobile.ch\/blog\/fr\/","name":"Tout ce que vous devez savoir | Blog | MUCHO Mobile","isPartOf":{"@id":"https:\/\/muchomobile.ch\/blog\/fr\/#website"},"datePublished":"2021-10-11T15:03:32+00:00","dateModified":"2022-12-20T11:32:04+00:00","description":"D\u00e9couvrez les avanc\u00e9es t\u00e9l\u00e9coms en Suisse et apprenez \u00e0 en conna\u00eetre davantage sur les op\u00e9rateurs mobiles.","breadcrumb":{"@id":"https:\/\/muchomobile.ch\/blog\/fr\/#breadcrumb"},"inLanguage":"fr-FR","potentialAction":[{"@type":"ReadAction","target":["https:\/\/muchomobile.ch\/blog\/fr\/"]}]},{"@type":"BreadcrumbList","@id":"https:\/\/muchomobile.ch\/blog\/fr\/#breadcrumb","itemListElement":[{"@type":"ListItem","position":1,"name":"Home","item":"https:\/\/muchomobile.ch\/blog\/fr\/"},{"@type":"ListItem","position":2,"name":"Homepage"}]},{"@type":"WebSite","@id":"https:\/\/muchomobile.ch\/blog\/fr\/#website","url":"https:\/\/muchomobile.ch\/blog\/fr\/","name":"Blog | Mucho Mobile","description":"Free on the best mobile network at the best price","publisher":{"@id":"https:\/\/muchomobile.ch\/blog\/fr\/#organization"},"potentialAction":[{"@type":"SearchAction","target":{"@type":"EntryPoint","urlTemplate":"https:\/\/muchomobile.ch\/blog\/fr\/?s={search_term_string}"},"query-input":{"@type":"PropertyValueSpecification","valueRequired":true,"valueName":"search_term_string"}}],"inLanguage":"fr-FR"},{"@type":"Organization","@id":"https:\/\/muchomobile.ch\/blog\/fr\/#organization","name":"Mucho Mobile","url":"https:\/\/muchomobile.ch\/blog\/fr\/","logo":{"@type":"ImageObject","inLanguage":"fr-FR","@id":"https:\/\/muchomobile.ch\/blog\/fr\/#\/schema\/logo\/image\/","url":"https:\/\/muchomobile.ch\/blog\/wp-content\/uploads\/2021\/06\/Logo-MuchoMobile.png","contentUrl":"https:\/\/muchomobile.ch\/blog\/wp-content\/uploads\/2021\/06\/Logo-MuchoMobile.png","width":122,"height":41,"caption":"Mucho Mobile"},"image":{"@id":"https:\/\/muchomobile.ch\/blog\/fr\/#\/schema\/logo\/image\/"}}]}},"_links":{"self":[{"href":"https:\/\/muchomobile.ch\/blog\/fr\/wp-json\/wp\/v2\/pages\/6971","targetHints":{"allow":["GET"]}}],"collection":[{"href":"https:\/\/muchomobile.ch\/blog\/fr\/wp-json\/wp\/v2\/pages"}],"about":[{"href":"https:\/\/muchomobile.ch\/blog\/fr\/wp-json\/wp\/v2\/types\/page"}],"author":[{"embeddable":true,"href":"https:\/\/muchomobile.ch\/blog\/fr\/wp-json\/wp\/v2\/users\/1"}],"replies":[{"embeddable":true,"href":"https:\/\/muchomobile.ch\/blog\/fr\/wp-json\/wp\/v2\/comments?post=6971"}],"version-history":[{"count":5,"href":"https:\/\/muchomobile.ch\/blog\/fr\/wp-json\/wp\/v2\/pages\/6971\/revisions"}],"predecessor-version":[{"id":8729,"href":"https:\/\/muchomobile.ch\/blog\/fr\/wp-json\/wp\/v2\/pages\/6971\/revisions\/8729"}],"wp:attachment":[{"href":"https:\/\/muchomobile.ch\/blog\/fr\/wp-json\/wp\/v2\/media?parent=6971"}],"curies":[{"name":"wp","href":"https:\/\/api.w.org\/{rel}","templated":true}]}}